{"id":42,"date":"2008-09-23T09:55:49","date_gmt":"2008-09-23T07:55:49","guid":{"rendered":"http:\/\/www.hobokollektiv.net\/?page_id=42"},"modified":"2019-05-18T16:27:01","modified_gmt":"2019-05-18T14:27:01","slug":"in-case-we-lose","status":"publish","type":"page","link":"https:\/\/www.hobokollektiv.net\/?page_id=42","title":{"rendered":"About"},"content":{"rendered":"<p style=\"text-align: center;\"><strong>in case we lose | \u01ddso\u05df \u01dd\u028d \u01dds\u0250\u0254 u\u0131<\/strong><\/p>\n<p style=\"text-align: justify;\">Das Waschechte, Unverf\u00e4lschte, nicht Angelesene und Anverwandelte ist selten. Man kann es weder lernen noch leisten noch herbeireden, irgendwann ist es einfach da, und oft ist es spr\u00f6de und ruchlos &#8211; und d\u00fcftelt eben nicht wie die gesamte Parfumabteilung eines Kaufhauses. Der Blues von The Fritsch (b\u00fcrgerlichen Namens Florian Fritsch), der nach oben und unten offen ist f\u00fcr einige tausend Meilen Country and Western, ist solch ein seltener, unverwechselbarer Fall. Es ist der wahrhaftige, im akustischen Fightclub-Keller, nicht im Synthetiklabor erprobte Blues, der gleich zur Sache kommt: Sadness Is My Middle Name. Kein \u00fcberfl\u00fcssiger, kein falscher, kein pseudopoetischer Ton. Und doch m\u00e4chtig lyrisch, das Ganze, eine Lyrik des Weglassens, des kruden, manchmal bitteren gitarristischen Humors.<\/p>\n<p style=\"text-align: justify;\">Dazu Texte, f\u00fcr die das Wort &#8218;existenzialistisch&#8216; zu euphemistisch w\u00e4re. Hemingway meets Howling Wolf. Songtexte, die in die Sackgasse oder direkt in die H\u00f6lle zu f\u00fchren scheinen, und dann bemerkt man: die Sackgasse ist der Anfang von allem Guten, und die H\u00f6lle ist der Himmel. Wer hat damals auf der B\u00fchne gestanden, ich wei\u00df nicht mehr wo, und vor dem n\u00e4chsten Lied ein Glas zur Brust genommen mit den Worten &#8218;In case we lose&#8216;? War es Leon Thomas, war es Sarah Vaughan, B.B. King? Wie die ganz Gro\u00dfen ist The Fritsch ein Singer\/Songwriter, der wei\u00df, da\u00df es jedes Mal, bei jedem Auftritt, jeder Textzeile, jeder Note, um alles geht. In case we lose. Und so gewinnt er uns.<\/p>\n<p style=\"text-align: center;\"><img decoding=\"async\" loading=\"lazy\" class=\"size-full wp-image-4544 aligncenter\" src=\"http:\/\/www.hobokollektiv.net\/wp-content\/uploads\/2008\/09\/about.jpg\" alt=\"about\" width=\"575\" height=\"101\"><\/p>\n<p style=\"text-align: center;\">\u2014 \u00b7 \u2014<\/p>\n<p style=\"text-align: center;\"><a href=\"http:\/\/www.hobokollektiv.net\/wp-content\/uploads\/2008\/12\/folkformsno2_ff.jpg\" target=\"_blank\" rel=\"noopener\"><img decoding=\"async\" loading=\"lazy\" class=\"size-full wp-image-164 aligncenter\" title=\"Selfportrait I Berlin 2008\" src=\"http:\/\/www.hobokollektiv.net\/wp-content\/uploads\/2008\/12\/folkformsno2_ff.jpg\" alt=\"\" width=\"500\" height=\"332\"><\/a><\/p>\n<p style=\"text-align: center;\"><span class=\"sqq\">\u201cDon&#8217;t play what&#8217;s there, play what&#8217;s not there.\u201d (<em>Miles Davis<\/em>)<br \/>\n<\/span><\/p>\n<p style=\"text-align: center;\">\u2014 \u00b7 \u2014<\/p>\n<p style=\"text-align: justify;\">This photographic weblog is updated twice a week. It&#8217;s all about the pictures and some words that need room to breathe and move. So please do not expect more than two pictures a week and take your time to look at all of them.&nbsp; Click on the photographs to see a bigger version. Not to mention: Feel free to leave a comment. Just make it constructive. Step inside this house and I&#8217;ll sing for you a song &#8230;<\/p>\n<p style=\"text-align: justify;\"><em>\u201cYou don&#8217;t make a photograph just with a camera. You bring to the act of photography all the pictures you have seen, the books you have read, the music you have heard, the people you have loved.\u201d (Ansel Adams)<\/em><\/p>\n<p style=\"text-align: justify;\">Remember stealing is ugly. Thieves are fat &amp; eat little babies. Therefor please notice: All images \u00a9 Florian Fritsch. No images may be reproduced in any form without written permission of the author. So just a leave a comment &amp; we sure get back to you immediately.<\/p>\n<p style=\"text-align: justify;\">&amp; by the way: I am NOT responsible for the content of external links.<\/p>\n","protected":false},"excerpt":{"rendered":"<p>in case we lose | \u01ddso\u05df \u01dd\u028d \u01dds\u0250\u0254 u\u0131 Das Waschechte, Unverf\u00e4lschte, nicht Angelesene und Anverwandelte ist selten. Man kann es weder lernen noch leisten noch herbeireden, irgendwann ist es einfach da, und oft ist es spr\u00f6de und ruchlos &#8211; und d\u00fcftelt eben nicht wie die gesamte Parfumabteilung eines Kaufhauses. Der Blues von The Fritsch [&hellip;]<\/p>\n","protected":false},"author":2,"featured_media":0,"parent":0,"menu_order":1,"comment_status":"open","ping_status":"open","template":"","meta":{"ngg_post_thumbnail":0,"footnotes":""},"_links":{"self":[{"href":"https:\/\/www.hobokollektiv.net\/index.php?rest_route=\/wp\/v2\/pages\/42"}],"collection":[{"href":"https:\/\/www.hobokollektiv.net\/index.php?rest_route=\/wp\/v2\/pages"}],"about":[{"href":"https:\/\/www.hobokollektiv.net\/index.php?rest_route=\/wp\/v2\/types\/page"}],"author":[{"embeddable":true,"href":"https:\/\/www.hobokollektiv.net\/index.php?rest_route=\/wp\/v2\/users\/2"}],"replies":[{"embeddable":true,"href":"https:\/\/www.hobokollektiv.net\/index.php?rest_route=%2Fwp%2Fv2%2Fcomments&post=42"}],"version-history":[{"count":51,"href":"https:\/\/www.hobokollektiv.net\/index.php?rest_route=\/wp\/v2\/pages\/42\/revisions"}],"predecessor-version":[{"id":8695,"href":"https:\/\/www.hobokollektiv.net\/index.php?rest_route=\/wp\/v2\/pages\/42\/revisions\/8695"}],"wp:attachment":[{"href":"https:\/\/www.hobokollektiv.net\/index.php?rest_route=%2Fwp%2Fv2%2Fmedia&parent=42"}],"curies":[{"name":"wp","href":"https:\/\/api.w.org\/{rel}","templated":true}]}}